{"id":383,"date":"2025-08-11T08:41:04","date_gmt":"2025-08-11T06:41:04","guid":{"rendered":"https:\/\/bol.hr\/?page_id=383"},"modified":"2025-08-12T08:59:06","modified_gmt":"2025-08-12T06:59:06","slug":"history-of-bol","status":"publish","type":"page","link":"https:\/\/bol.hr\/en\/about-bol-2\/history-of-bol\/","title":{"rendered":"History of BOL"},"content":{"rendered":"<p>Bra\u010d, one of the jewels of the Adriatic, bears traces of human presence dating back to prehistoric times\u2014most likely the Mesolithic, and certainly the Neolithic, towards the end of the third millennium BC. At that time, it was inhabited by a pre-Indo-European population whose life revolved mainly around livestock breeding. In the second millennium BC, during the era of metal cultures, Indo-European Illyrians settled on the island, skilled herders though less devoted to farming.<\/p>\n<div class=\"entry-image\"><img loading=\"lazy\" decoding=\"async\" class=\"alignnone  wp-image-380\" src=\"https:\/\/bol.hr\/wp-content\/uploads\/2025\/08\/povijest.avif\" alt=\"povijest Bola na Bra\u010du\" width=\"640\" height=\"187\" \/><\/div>\n<p>The Romans, though they did not establish settlements on Bra\u010d, left their mark in the form of rural estates (villa rustica). By the late 8th or early 9th century, the Neretvan Croats arrived, pushing back the Romanised indigenous Illyrian population. During this period, Bra\u010d was under Frankish rule, and in the early 11th century, the Venetians occupied it for the first time. By the mid-century, the island became part of the Croatian kingdom under King Petar Kre\u0161imir IV.<\/p>\n<p>In the 12th century, while nominally under Byzantine authority, Bra\u010d was in practice governed by the Venetians. Under King Coloman, in 1107, it entered the Croatian-Hungarian Kingdom, but its history would be marked by frequent changes of rulers. Venice conquered it in 1135, Byzantium briefly regained it around 1170, and by 1180 it was once again under the Croatian-Hungarian crown. King Andrew II granted the island to the Frankopan princes of Krk.<\/p>\n<p>Soon after, Bra\u010d was seized by the pirates of Omi\u0161. The islanders appealed to Venice for protection, which was granted, and on April 1, 1278, Bra\u010d came under Venetian rule. This lasted until 1358, when the island rejoined the Croatian-Hungarian Kingdom. Over the following decades, its rulers changed frequently: Bosnian King Tvrtko I in 1390, Croatian-Hungarian King Sigismund in 1394, Hrvoje Vuk\u010di\u0107 in 1403, and the Republic of Dubrovnik in 1413. Finally, in 1420, the Venetians conquered Bra\u010d once again, ruling it for nearly four centuries until the fall of the Republic in 1797.<\/p>\n<p>Although Venice formally respected the island\u2019s communal self-government, in practice it interfered heavily in internal affairs. Customary law was abolished, and a unified legal code was introduced under the supervision of the General Provveditore. Bra\u010d\u2019s governors were often impoverished Venetian nobles who came to the island seeking wealth, frequently curtailing local autonomy and acting with arrogance.<\/p>\n<p>When Venice fell, the people of Bra\u010d hoped for freedom, but in the same year Austria took control (1797\u20131805). Under the Treaty of Pressburg in 1805, the island came under French rule, which introduced economic reforms, abolished the nobility, and established schools. The peace was short-lived\u2014by December 1806, Russian forces occupied the island, only to see the French return in 1807. Even then, Bra\u010d was not spared turmoil: British warships attacked twice, in 1811 and 1812. In June 1811, a British corvette attacked Bol, destroying ships in the harbour and carrying off a rich cargo of grain, oil, and wine to the island of Vis.<\/p>\n<p>After Napoleon\u2019s fall, on July 7, 1814, Bra\u010d again came under Austrian control. In 1823, a new territorial division split the island into seven municipalities, including the municipality of Bol. In the latter half of the 19th century, a period of national awakening began; the struggle for the Croatian language and for unification with the homeland intensified. In 1883, the National Party in Bol gained control of the municipality, and in 1897 the Croatian Reading Room was established.<\/p>\n<p>From December 1, 1918, Bol became part of the newly formed Kingdom of Serbs, Croats, and Slovenes (later Yugoslavia), where national aspirations remained unfulfilled. After the turbulent years of the Second World War, Bol became part of the Socialist Federal Republic of Yugoslavia, remaining so until the establishment of the independent Republic of Croatia.<\/p>\n","protected":false},"excerpt":{"rendered":"<p>Bra\u010d, one of the jewels of the Adriatic, bears traces of human presence dating back to prehistoric times\u2014most likely the Mesolithic, and certainly the Neolithic, towards the end of the &#8230;<\/p>\n","protected":false},"author":1,"featured_media":0,"parent":351,"menu_order":4,"comment_status":"closed","ping_status":"closed","template":"","meta":{"_acf_changed":false,"inline_featured_image":false,"footnotes":""},"class_list":["post-383","page","type-page","status-publish","hentry"],"acf":[],"yoast_head":"<!-- This site is optimized with the Yoast SEO plugin v27.3 - https:\/\/yoast.com\/product\/yoast-seo-wordpress\/ -->\n<title>History of BOL - Turist office Bol<\/title>\n<meta name=\"robots\" content=\"index, follow, max-snippet:-1, max-image-preview:large, max-video-preview:-1\" \/>\n<link rel=\"canonical\" href=\"https:\/\/bol.hr\/en\/about-bol-2\/history-of-bol\/\" \/>\n<meta property=\"og:locale\" content=\"en_US\" \/>\n<meta property=\"og:type\" content=\"article\" \/>\n<meta property=\"og:title\" content=\"History of BOL - Turist office Bol\" \/>\n<meta property=\"og:description\" content=\"Bra\u010d, one of the jewels of the Adriatic, bears traces of human presence dating back to prehistoric times\u2014most likely the Mesolithic, and certainly the Neolithic, towards the end of the ...\" \/>\n<meta property=\"og:url\" content=\"https:\/\/bol.hr\/en\/about-bol-2\/history-of-bol\/\" \/>\n<meta property=\"og:site_name\" content=\"Turist office Bol\" \/>\n<meta property=\"article:publisher\" content=\"https:\/\/bol.hr\/wp-content\/themes\/onepress\/assets\/images\/facebook.svg\" \/>\n<meta property=\"article:modified_time\" content=\"2025-08-12T06:59:06+00:00\" \/>\n<meta property=\"og:image\" content=\"https:\/\/bol.hr\/wp-content\/uploads\/2025\/08\/povijest.avif\" \/>\n\t<meta property=\"og:image:width\" content=\"332\" \/>\n\t<meta property=\"og:image:height\" content=\"97\" \/>\n\t<meta property=\"og:image:type\" content=\"image\/jpeg\" \/>\n<meta name=\"twitter:card\" content=\"summary_large_image\" \/>\n<meta name=\"twitter:label1\" content=\"Est. reading time\" \/>\n\t<meta name=\"twitter:data1\" content=\"4 minutes\" \/>\n<script type=\"application\/ld+json\" class=\"yoast-schema-graph\">{\"@context\":\"https:\\\/\\\/schema.org\",\"@graph\":[{\"@type\":\"WebPage\",\"@id\":\"https:\\\/\\\/bol.hr\\\/en\\\/about-bol-2\\\/history-of-bol\\\/\",\"url\":\"https:\\\/\\\/bol.hr\\\/en\\\/about-bol-2\\\/history-of-bol\\\/\",\"name\":\"History of BOL - Turist office Bol\",\"isPartOf\":{\"@id\":\"https:\\\/\\\/bol.hr\\\/en\\\/#website\"},\"primaryImageOfPage\":{\"@id\":\"https:\\\/\\\/bol.hr\\\/en\\\/about-bol-2\\\/history-of-bol\\\/#primaryimage\"},\"image\":{\"@id\":\"https:\\\/\\\/bol.hr\\\/en\\\/about-bol-2\\\/history-of-bol\\\/#primaryimage\"},\"thumbnailUrl\":\"https:\\\/\\\/bol.hr\\\/wp-content\\\/uploads\\\/2025\\\/08\\\/povijest.avif\",\"datePublished\":\"2025-08-11T06:41:04+00:00\",\"dateModified\":\"2025-08-12T06:59:06+00:00\",\"breadcrumb\":{\"@id\":\"https:\\\/\\\/bol.hr\\\/en\\\/about-bol-2\\\/history-of-bol\\\/#breadcrumb\"},\"inLanguage\":\"en-US\",\"potentialAction\":[{\"@type\":\"ReadAction\",\"target\":[\"https:\\\/\\\/bol.hr\\\/en\\\/about-bol-2\\\/history-of-bol\\\/\"]}]},{\"@type\":\"ImageObject\",\"inLanguage\":\"en-US\",\"@id\":\"https:\\\/\\\/bol.hr\\\/en\\\/about-bol-2\\\/history-of-bol\\\/#primaryimage\",\"url\":\"https:\\\/\\\/bol.hr\\\/wp-content\\\/uploads\\\/2025\\\/08\\\/povijest.avif\",\"contentUrl\":\"https:\\\/\\\/bol.hr\\\/wp-content\\\/uploads\\\/2025\\\/08\\\/povijest.avif\"},{\"@type\":\"BreadcrumbList\",\"@id\":\"https:\\\/\\\/bol.hr\\\/en\\\/about-bol-2\\\/history-of-bol\\\/#breadcrumb\",\"itemListElement\":[{\"@type\":\"ListItem\",\"position\":1,\"name\":\"Po\u010detna stranica\",\"item\":\"https:\\\/\\\/bol.hr\\\/en\\\/home\\\/\"},{\"@type\":\"ListItem\",\"position\":2,\"name\":\"About Bol\",\"item\":\"https:\\\/\\\/bol.hr\\\/en\\\/about-bol-2\\\/\"},{\"@type\":\"ListItem\",\"position\":3,\"name\":\"History of BOL\"}]},{\"@type\":\"WebSite\",\"@id\":\"https:\\\/\\\/bol.hr\\\/en\\\/#website\",\"url\":\"https:\\\/\\\/bol.hr\\\/en\\\/\",\"name\":\"Stranica Turisti\u010dke zajednice Bol\",\"description\":\"Sybol Of The Adriatic\",\"publisher\":{\"@id\":\"https:\\\/\\\/bol.hr\\\/en\\\/#organization\"},\"potentialAction\":[{\"@type\":\"SearchAction\",\"target\":{\"@type\":\"EntryPoint\",\"urlTemplate\":\"https:\\\/\\\/bol.hr\\\/en\\\/?s={search_term_string}\"},\"query-input\":{\"@type\":\"PropertyValueSpecification\",\"valueRequired\":true,\"valueName\":\"search_term_string\"}}],\"inLanguage\":\"en-US\"},{\"@type\":\"Organization\",\"@id\":\"https:\\\/\\\/bol.hr\\\/en\\\/#organization\",\"name\":\"Stranica Turisti\u010dke zajednice Bol\",\"url\":\"https:\\\/\\\/bol.hr\\\/en\\\/\",\"logo\":{\"@type\":\"ImageObject\",\"inLanguage\":\"en-US\",\"@id\":\"https:\\\/\\\/bol.hr\\\/en\\\/#\\\/schema\\\/logo\\\/image\\\/\",\"url\":\"https:\\\/\\\/bol.hr\\\/wp-content\\\/uploads\\\/2025\\\/08\\\/logo-darka.svg\",\"contentUrl\":\"https:\\\/\\\/bol.hr\\\/wp-content\\\/uploads\\\/2025\\\/08\\\/logo-darka.svg\",\"caption\":\"Stranica Turisti\u010dke zajednice Bol\"},\"image\":{\"@id\":\"https:\\\/\\\/bol.hr\\\/en\\\/#\\\/schema\\\/logo\\\/image\\\/\"},\"sameAs\":[\"https:\\\/\\\/bol.hr\\\/wp-content\\\/themes\\\/onepress\\\/assets\\\/images\\\/facebook.svg\",\"https:\\\/\\\/www.instagram.com\\\/bol_brac\\\/#\",\"https:\\\/\\\/www.youtube.com\\\/channel\\\/UC310GE3tsTqwyw0Y2lrPqXA\"]}]}<\/script>\n<!-- \/ Yoast SEO plugin. -->","yoast_head_json":{"title":"History of BOL - Turist office Bol","robots":{"index":"index","follow":"follow","max-snippet":"max-snippet:-1","max-image-preview":"max-image-preview:large","max-video-preview":"max-video-preview:-1"},"canonical":"https:\/\/bol.hr\/en\/about-bol-2\/history-of-bol\/","og_locale":"en_US","og_type":"article","og_title":"History of BOL - Turist office Bol","og_description":"Bra\u010d, one of the jewels of the Adriatic, bears traces of human presence dating back to prehistoric times\u2014most likely the Mesolithic, and certainly the Neolithic, towards the end of the ...","og_url":"https:\/\/bol.hr\/en\/about-bol-2\/history-of-bol\/","og_site_name":"Turist office Bol","article_publisher":"https:\/\/bol.hr\/wp-content\/themes\/onepress\/assets\/images\/facebook.svg","article_modified_time":"2025-08-12T06:59:06+00:00","og_image":[{"width":332,"height":97,"url":"https:\/\/bol.hr\/wp-content\/uploads\/2025\/08\/povijest.avif","type":"image\/jpeg"}],"twitter_card":"summary_large_image","twitter_misc":{"Est. reading time":"4 minutes"},"schema":{"@context":"https:\/\/schema.org","@graph":[{"@type":"WebPage","@id":"https:\/\/bol.hr\/en\/about-bol-2\/history-of-bol\/","url":"https:\/\/bol.hr\/en\/about-bol-2\/history-of-bol\/","name":"History of BOL - Turist office Bol","isPartOf":{"@id":"https:\/\/bol.hr\/en\/#website"},"primaryImageOfPage":{"@id":"https:\/\/bol.hr\/en\/about-bol-2\/history-of-bol\/#primaryimage"},"image":{"@id":"https:\/\/bol.hr\/en\/about-bol-2\/history-of-bol\/#primaryimage"},"thumbnailUrl":"https:\/\/bol.hr\/wp-content\/uploads\/2025\/08\/povijest.avif","datePublished":"2025-08-11T06:41:04+00:00","dateModified":"2025-08-12T06:59:06+00:00","breadcrumb":{"@id":"https:\/\/bol.hr\/en\/about-bol-2\/history-of-bol\/#breadcrumb"},"inLanguage":"en-US","potentialAction":[{"@type":"ReadAction","target":["https:\/\/bol.hr\/en\/about-bol-2\/history-of-bol\/"]}]},{"@type":"ImageObject","inLanguage":"en-US","@id":"https:\/\/bol.hr\/en\/about-bol-2\/history-of-bol\/#primaryimage","url":"https:\/\/bol.hr\/wp-content\/uploads\/2025\/08\/povijest.avif","contentUrl":"https:\/\/bol.hr\/wp-content\/uploads\/2025\/08\/povijest.avif"},{"@type":"BreadcrumbList","@id":"https:\/\/bol.hr\/en\/about-bol-2\/history-of-bol\/#breadcrumb","itemListElement":[{"@type":"ListItem","position":1,"name":"Po\u010detna stranica","item":"https:\/\/bol.hr\/en\/home\/"},{"@type":"ListItem","position":2,"name":"About Bol","item":"https:\/\/bol.hr\/en\/about-bol-2\/"},{"@type":"ListItem","position":3,"name":"History of BOL"}]},{"@type":"WebSite","@id":"https:\/\/bol.hr\/en\/#website","url":"https:\/\/bol.hr\/en\/","name":"Stranica Turisti\u010dke zajednice Bol","description":"Sybol Of The Adriatic","publisher":{"@id":"https:\/\/bol.hr\/en\/#organization"},"potentialAction":[{"@type":"SearchAction","target":{"@type":"EntryPoint","urlTemplate":"https:\/\/bol.hr\/en\/?s={search_term_string}"},"query-input":{"@type":"PropertyValueSpecification","valueRequired":true,"valueName":"search_term_string"}}],"inLanguage":"en-US"},{"@type":"Organization","@id":"https:\/\/bol.hr\/en\/#organization","name":"Stranica Turisti\u010dke zajednice Bol","url":"https:\/\/bol.hr\/en\/","logo":{"@type":"ImageObject","inLanguage":"en-US","@id":"https:\/\/bol.hr\/en\/#\/schema\/logo\/image\/","url":"https:\/\/bol.hr\/wp-content\/uploads\/2025\/08\/logo-darka.svg","contentUrl":"https:\/\/bol.hr\/wp-content\/uploads\/2025\/08\/logo-darka.svg","caption":"Stranica Turisti\u010dke zajednice Bol"},"image":{"@id":"https:\/\/bol.hr\/en\/#\/schema\/logo\/image\/"},"sameAs":["https:\/\/bol.hr\/wp-content\/themes\/onepress\/assets\/images\/facebook.svg","https:\/\/www.instagram.com\/bol_brac\/#","https:\/\/www.youtube.com\/channel\/UC310GE3tsTqwyw0Y2lrPqXA"]}]}},"_links":{"self":[{"href":"https:\/\/bol.hr\/en\/wp-json\/wp\/v2\/pages\/383","targetHints":{"allow":["GET"]}}],"collection":[{"href":"https:\/\/bol.hr\/en\/wp-json\/wp\/v2\/pages"}],"about":[{"href":"https:\/\/bol.hr\/en\/wp-json\/wp\/v2\/types\/page"}],"author":[{"embeddable":true,"href":"https:\/\/bol.hr\/en\/wp-json\/wp\/v2\/users\/1"}],"replies":[{"embeddable":true,"href":"https:\/\/bol.hr\/en\/wp-json\/wp\/v2\/comments?post=383"}],"version-history":[{"count":2,"href":"https:\/\/bol.hr\/en\/wp-json\/wp\/v2\/pages\/383\/revisions"}],"predecessor-version":[{"id":410,"href":"https:\/\/bol.hr\/en\/wp-json\/wp\/v2\/pages\/383\/revisions\/410"}],"up":[{"embeddable":true,"href":"https:\/\/bol.hr\/en\/wp-json\/wp\/v2\/pages\/351"}],"wp:attachment":[{"href":"https:\/\/bol.hr\/en\/wp-json\/wp\/v2\/media?parent=383"}],"curies":[{"name":"wp","href":"https:\/\/api.w.org\/{rel}","templated":true}]}}