{"id":440,"date":"2025-08-12T09:43:43","date_gmt":"2025-08-12T07:43:43","guid":{"rendered":"https:\/\/bol.hr\/?page_id=440"},"modified":"2025-08-12T09:47:48","modified_gmt":"2025-08-12T07:47:48","slug":"tourism","status":"publish","type":"page","link":"https:\/\/bol.hr\/en\/about-bol-2\/tourism\/","title":{"rendered":"Tourism"},"content":{"rendered":"<p data-start=\"71\" data-end=\"521\">At the beginning of the 20th century, tourism in Dalmatia began to flourish, and Bol already possessed all the qualities of an attractive holiday destination: a chain of stunning beaches along the coastline \u2013 with the famous Zlatni Rat as its jewel \u2013 crystal-clear sea, a mild Mediterranean climate, pine forests along the shore, and an abundance of fresh spring water. Yet, the modest beginnings of organized tourism in Bol date back only to 1923.<\/p>\n<p data-start=\"71\" data-end=\"521\"><img loading=\"lazy\" decoding=\"async\" class=\"alignnone size-large wp-image-272\" src=\"https:\/\/bol.hr\/wp-content\/uploads\/2025\/08\/teniski-tereni-u-bolu-1024x736.avif\" alt=\"tereni za tenis u Bolu\" width=\"800\" height=\"575\" srcset=\"https:\/\/bol.hr\/wp-content\/uploads\/2025\/08\/teniski-tereni-u-bolu-1024x736.avif 1024w, https:\/\/bol.hr\/wp-content\/uploads\/2025\/08\/teniski-tereni-u-bolu-300x216.avif 300w, https:\/\/bol.hr\/wp-content\/uploads\/2025\/08\/teniski-tereni-u-bolu-768x552.avif 768w, https:\/\/bol.hr\/wp-content\/uploads\/2025\/08\/teniski-tereni-u-bolu.avif 1417w\" sizes=\"auto, (max-width: 800px) 100vw, 800px\" \/><\/p>\n<p data-start=\"523\" data-end=\"810\">That year, Bol hosted its first holiday camp. The largest and most beautiful building in town at the time \u2013 the primary school \u2013 was repurposed to accommodate students for a 30-day summer stay. These first guests were the heralds of a new era: Bol\u2019s awakening as a tourist destination.<\/p>\n<p data-start=\"812\" data-end=\"1381\">In 1927, a man who would rightfully be remembered as the pioneer of Bol\u2019s tourism and hospitality industry appeared \u2013 Ante Vido\u0161evi\u0107. The following year, he opened his first guesthouse: a humble third-category inn with a kitchen, a small restaurant, and four rooms upstairs. His initiative inspired other locals to follow suit, leading to the opening of Pension Dalmacija, Gostiona Turketo, Gostiona Solja\u010di\u0107, Gostiona Marinkovi\u0107, and others. On the eve of World War II, Bol had 63 rooms with a total of 127 beds and boasted the highest occupancy rates on the island.<\/p>\n<p data-start=\"1383\" data-end=\"1854\">After the war, in 1948, the former Pension Vido\u0161evi\u0107 became the \u201cZlatni Rat\u201d hotel company. Initially, growth was slow, with capacity increasing mostly through adaptations of existing houses. But in 1963, the former student dormitory was converted into the \u201cBijela Ku\u0107a\u201d Hotel. From that point on, development accelerated: Hotel \u201cElaphusa\u201d opened in 1971, \u201cBorak\u201d in 1976, and the \u201cBretanide\u201d hotel complex in 1984. In 1999, Bol welcomed the new \u201cBonaca\u201d hotel complex.<\/p>\n<p data-start=\"1383\" data-end=\"1854\"><img loading=\"lazy\" decoding=\"async\" class=\"alignnone size-large wp-image-428\" src=\"https:\/\/bol.hr\/wp-content\/uploads\/2025\/08\/046-1024x682.avif\" alt=\"Hotelijerstvo u Bolu\" width=\"800\" height=\"533\" srcset=\"https:\/\/bol.hr\/wp-content\/uploads\/2025\/08\/046-1024x682.avif 1024w, https:\/\/bol.hr\/wp-content\/uploads\/2025\/08\/046-800x533.avif 800w, https:\/\/bol.hr\/wp-content\/uploads\/2025\/08\/046-768x512.avif 768w, https:\/\/bol.hr\/wp-content\/uploads\/2025\/08\/046.avif 1400w\" sizes=\"auto, (max-width: 800px) 100vw, 800px\" \/><\/p>\n<p data-start=\"1856\" data-end=\"2268\">Alongside accommodation, tourism infrastructure also expanded: entertainment venues, sports and recreational facilities, holiday resorts, and private lodging. The Dominican Monastery joined the tourist offering, providing visitors with a unique blend of nature, peace, and spiritual retreat. Shops, restaurants, taverns, caf\u00e9s, bars, and nightclubs flourished, while sports activities became ever more diverse.<\/p>\n<p data-start=\"2270\" data-end=\"2519\">Bol soon grew into the main tourist hub of Bra\u010d and one of Dalmatia\u2019s leading destinations. For its dedication and achievements in tourism development and service quality, Bol and the \u201cZlatni Rat\u201d company received numerous awards and recognitions.<\/p>\n<p data-start=\"2521\" data-end=\"2789\">Although the war in the 1990s temporarily halted growth, Bol has since regained its position as an essential destination of the Croatian Adriatic \u2013 a harmonious blend of tradition, natural beauty, and hospitality excellence that continues to captivate every visitor.<\/p>\n","protected":false},"excerpt":{"rendered":"<p>Tourism Champion of Croatia<\/p>\n","protected":false},"author":1,"featured_media":0,"parent":351,"menu_order":5,"comment_status":"closed","ping_status":"closed","template":"","meta":{"_acf_changed":false,"inline_featured_image":false,"footnotes":""},"class_list":["post-440","page","type-page","status-publish","hentry"],"acf":[],"yoast_head":"<!-- This site is optimized with the Yoast SEO plugin v27.3 - https:\/\/yoast.com\/product\/yoast-seo-wordpress\/ -->\n<title>Tourism - Turist office Bol<\/title>\n<meta name=\"robots\" content=\"index, follow, max-snippet:-1, max-image-preview:large, max-video-preview:-1\" \/>\n<link rel=\"canonical\" href=\"https:\/\/bol.hr\/en\/about-bol-2\/tourism\/\" \/>\n<meta property=\"og:locale\" content=\"en_US\" \/>\n<meta property=\"og:type\" content=\"article\" \/>\n<meta property=\"og:title\" content=\"Tourism - Turist office Bol\" \/>\n<meta property=\"og:description\" content=\"Tourism Champion of Croatia\" \/>\n<meta property=\"og:url\" content=\"https:\/\/bol.hr\/en\/about-bol-2\/tourism\/\" \/>\n<meta property=\"og:site_name\" content=\"Turist office Bol\" \/>\n<meta property=\"article:publisher\" content=\"https:\/\/bol.hr\/wp-content\/themes\/onepress\/assets\/images\/facebook.svg\" \/>\n<meta property=\"article:modified_time\" content=\"2025-08-12T07:47:48+00:00\" \/>\n<meta property=\"og:image\" content=\"https:\/\/bol.hr\/wp-content\/uploads\/2025\/08\/teniski-tereni-u-bolu.avif\" \/>\n\t<meta property=\"og:image:width\" content=\"1417\" \/>\n\t<meta property=\"og:image:height\" content=\"1018\" \/>\n\t<meta property=\"og:image:type\" content=\"image\/jpeg\" \/>\n<meta name=\"twitter:card\" content=\"summary_large_image\" \/>\n<meta name=\"twitter:label1\" content=\"Est. reading time\" \/>\n\t<meta name=\"twitter:data1\" content=\"3 minutes\" \/>\n<script type=\"application\/ld+json\" class=\"yoast-schema-graph\">{\"@context\":\"https:\\\/\\\/schema.org\",\"@graph\":[{\"@type\":\"WebPage\",\"@id\":\"https:\\\/\\\/bol.hr\\\/en\\\/about-bol-2\\\/tourism\\\/\",\"url\":\"https:\\\/\\\/bol.hr\\\/en\\\/about-bol-2\\\/tourism\\\/\",\"name\":\"Tourism - Turist office Bol\",\"isPartOf\":{\"@id\":\"https:\\\/\\\/bol.hr\\\/en\\\/#website\"},\"primaryImageOfPage\":{\"@id\":\"https:\\\/\\\/bol.hr\\\/en\\\/about-bol-2\\\/tourism\\\/#primaryimage\"},\"image\":{\"@id\":\"https:\\\/\\\/bol.hr\\\/en\\\/about-bol-2\\\/tourism\\\/#primaryimage\"},\"thumbnailUrl\":\"https:\\\/\\\/bol.hr\\\/wp-content\\\/uploads\\\/2025\\\/08\\\/teniski-tereni-u-bolu-1024x736.avif\",\"datePublished\":\"2025-08-12T07:43:43+00:00\",\"dateModified\":\"2025-08-12T07:47:48+00:00\",\"breadcrumb\":{\"@id\":\"https:\\\/\\\/bol.hr\\\/en\\\/about-bol-2\\\/tourism\\\/#breadcrumb\"},\"inLanguage\":\"en-US\",\"potentialAction\":[{\"@type\":\"ReadAction\",\"target\":[\"https:\\\/\\\/bol.hr\\\/en\\\/about-bol-2\\\/tourism\\\/\"]}]},{\"@type\":\"ImageObject\",\"inLanguage\":\"en-US\",\"@id\":\"https:\\\/\\\/bol.hr\\\/en\\\/about-bol-2\\\/tourism\\\/#primaryimage\",\"url\":\"https:\\\/\\\/bol.hr\\\/wp-content\\\/uploads\\\/2025\\\/08\\\/teniski-tereni-u-bolu-1024x736.avif\",\"contentUrl\":\"https:\\\/\\\/bol.hr\\\/wp-content\\\/uploads\\\/2025\\\/08\\\/teniski-tereni-u-bolu-1024x736.avif\"},{\"@type\":\"BreadcrumbList\",\"@id\":\"https:\\\/\\\/bol.hr\\\/en\\\/about-bol-2\\\/tourism\\\/#breadcrumb\",\"itemListElement\":[{\"@type\":\"ListItem\",\"position\":1,\"name\":\"Po\u010detna stranica\",\"item\":\"https:\\\/\\\/bol.hr\\\/en\\\/home\\\/\"},{\"@type\":\"ListItem\",\"position\":2,\"name\":\"About Bol\",\"item\":\"https:\\\/\\\/bol.hr\\\/en\\\/about-bol-2\\\/\"},{\"@type\":\"ListItem\",\"position\":3,\"name\":\"Tourism\"}]},{\"@type\":\"WebSite\",\"@id\":\"https:\\\/\\\/bol.hr\\\/en\\\/#website\",\"url\":\"https:\\\/\\\/bol.hr\\\/en\\\/\",\"name\":\"Stranica Turisti\u010dke zajednice Bol\",\"description\":\"Sybol Of The Adriatic\",\"publisher\":{\"@id\":\"https:\\\/\\\/bol.hr\\\/en\\\/#organization\"},\"potentialAction\":[{\"@type\":\"SearchAction\",\"target\":{\"@type\":\"EntryPoint\",\"urlTemplate\":\"https:\\\/\\\/bol.hr\\\/en\\\/?s={search_term_string}\"},\"query-input\":{\"@type\":\"PropertyValueSpecification\",\"valueRequired\":true,\"valueName\":\"search_term_string\"}}],\"inLanguage\":\"en-US\"},{\"@type\":\"Organization\",\"@id\":\"https:\\\/\\\/bol.hr\\\/en\\\/#organization\",\"name\":\"Stranica Turisti\u010dke zajednice Bol\",\"url\":\"https:\\\/\\\/bol.hr\\\/en\\\/\",\"logo\":{\"@type\":\"ImageObject\",\"inLanguage\":\"en-US\",\"@id\":\"https:\\\/\\\/bol.hr\\\/en\\\/#\\\/schema\\\/logo\\\/image\\\/\",\"url\":\"https:\\\/\\\/bol.hr\\\/wp-content\\\/uploads\\\/2025\\\/08\\\/logo-darka.svg\",\"contentUrl\":\"https:\\\/\\\/bol.hr\\\/wp-content\\\/uploads\\\/2025\\\/08\\\/logo-darka.svg\",\"caption\":\"Stranica Turisti\u010dke zajednice Bol\"},\"image\":{\"@id\":\"https:\\\/\\\/bol.hr\\\/en\\\/#\\\/schema\\\/logo\\\/image\\\/\"},\"sameAs\":[\"https:\\\/\\\/bol.hr\\\/wp-content\\\/themes\\\/onepress\\\/assets\\\/images\\\/facebook.svg\",\"https:\\\/\\\/www.instagram.com\\\/bol_brac\\\/#\",\"https:\\\/\\\/www.youtube.com\\\/channel\\\/UC310GE3tsTqwyw0Y2lrPqXA\"]}]}<\/script>\n<!-- \/ Yoast SEO plugin. -->","yoast_head_json":{"title":"Tourism - Turist office Bol","robots":{"index":"index","follow":"follow","max-snippet":"max-snippet:-1","max-image-preview":"max-image-preview:large","max-video-preview":"max-video-preview:-1"},"canonical":"https:\/\/bol.hr\/en\/about-bol-2\/tourism\/","og_locale":"en_US","og_type":"article","og_title":"Tourism - Turist office Bol","og_description":"Tourism Champion of Croatia","og_url":"https:\/\/bol.hr\/en\/about-bol-2\/tourism\/","og_site_name":"Turist office Bol","article_publisher":"https:\/\/bol.hr\/wp-content\/themes\/onepress\/assets\/images\/facebook.svg","article_modified_time":"2025-08-12T07:47:48+00:00","og_image":[{"width":1417,"height":1018,"url":"https:\/\/bol.hr\/wp-content\/uploads\/2025\/08\/teniski-tereni-u-bolu.avif","type":"image\/jpeg"}],"twitter_card":"summary_large_image","twitter_misc":{"Est. reading time":"3 minutes"},"schema":{"@context":"https:\/\/schema.org","@graph":[{"@type":"WebPage","@id":"https:\/\/bol.hr\/en\/about-bol-2\/tourism\/","url":"https:\/\/bol.hr\/en\/about-bol-2\/tourism\/","name":"Tourism - Turist office Bol","isPartOf":{"@id":"https:\/\/bol.hr\/en\/#website"},"primaryImageOfPage":{"@id":"https:\/\/bol.hr\/en\/about-bol-2\/tourism\/#primaryimage"},"image":{"@id":"https:\/\/bol.hr\/en\/about-bol-2\/tourism\/#primaryimage"},"thumbnailUrl":"https:\/\/bol.hr\/wp-content\/uploads\/2025\/08\/teniski-tereni-u-bolu-1024x736.avif","datePublished":"2025-08-12T07:43:43+00:00","dateModified":"2025-08-12T07:47:48+00:00","breadcrumb":{"@id":"https:\/\/bol.hr\/en\/about-bol-2\/tourism\/#breadcrumb"},"inLanguage":"en-US","potentialAction":[{"@type":"ReadAction","target":["https:\/\/bol.hr\/en\/about-bol-2\/tourism\/"]}]},{"@type":"ImageObject","inLanguage":"en-US","@id":"https:\/\/bol.hr\/en\/about-bol-2\/tourism\/#primaryimage","url":"https:\/\/bol.hr\/wp-content\/uploads\/2025\/08\/teniski-tereni-u-bolu-1024x736.avif","contentUrl":"https:\/\/bol.hr\/wp-content\/uploads\/2025\/08\/teniski-tereni-u-bolu-1024x736.avif"},{"@type":"BreadcrumbList","@id":"https:\/\/bol.hr\/en\/about-bol-2\/tourism\/#breadcrumb","itemListElement":[{"@type":"ListItem","position":1,"name":"Po\u010detna stranica","item":"https:\/\/bol.hr\/en\/home\/"},{"@type":"ListItem","position":2,"name":"About Bol","item":"https:\/\/bol.hr\/en\/about-bol-2\/"},{"@type":"ListItem","position":3,"name":"Tourism"}]},{"@type":"WebSite","@id":"https:\/\/bol.hr\/en\/#website","url":"https:\/\/bol.hr\/en\/","name":"Stranica Turisti\u010dke zajednice Bol","description":"Sybol Of The Adriatic","publisher":{"@id":"https:\/\/bol.hr\/en\/#organization"},"potentialAction":[{"@type":"SearchAction","target":{"@type":"EntryPoint","urlTemplate":"https:\/\/bol.hr\/en\/?s={search_term_string}"},"query-input":{"@type":"PropertyValueSpecification","valueRequired":true,"valueName":"search_term_string"}}],"inLanguage":"en-US"},{"@type":"Organization","@id":"https:\/\/bol.hr\/en\/#organization","name":"Stranica Turisti\u010dke zajednice Bol","url":"https:\/\/bol.hr\/en\/","logo":{"@type":"ImageObject","inLanguage":"en-US","@id":"https:\/\/bol.hr\/en\/#\/schema\/logo\/image\/","url":"https:\/\/bol.hr\/wp-content\/uploads\/2025\/08\/logo-darka.svg","contentUrl":"https:\/\/bol.hr\/wp-content\/uploads\/2025\/08\/logo-darka.svg","caption":"Stranica Turisti\u010dke zajednice Bol"},"image":{"@id":"https:\/\/bol.hr\/en\/#\/schema\/logo\/image\/"},"sameAs":["https:\/\/bol.hr\/wp-content\/themes\/onepress\/assets\/images\/facebook.svg","https:\/\/www.instagram.com\/bol_brac\/#","https:\/\/www.youtube.com\/channel\/UC310GE3tsTqwyw0Y2lrPqXA"]}]}},"_links":{"self":[{"href":"https:\/\/bol.hr\/en\/wp-json\/wp\/v2\/pages\/440","targetHints":{"allow":["GET"]}}],"collection":[{"href":"https:\/\/bol.hr\/en\/wp-json\/wp\/v2\/pages"}],"about":[{"href":"https:\/\/bol.hr\/en\/wp-json\/wp\/v2\/types\/page"}],"author":[{"embeddable":true,"href":"https:\/\/bol.hr\/en\/wp-json\/wp\/v2\/users\/1"}],"replies":[{"embeddable":true,"href":"https:\/\/bol.hr\/en\/wp-json\/wp\/v2\/comments?post=440"}],"version-history":[{"count":3,"href":"https:\/\/bol.hr\/en\/wp-json\/wp\/v2\/pages\/440\/revisions"}],"predecessor-version":[{"id":443,"href":"https:\/\/bol.hr\/en\/wp-json\/wp\/v2\/pages\/440\/revisions\/443"}],"up":[{"embeddable":true,"href":"https:\/\/bol.hr\/en\/wp-json\/wp\/v2\/pages\/351"}],"wp:attachment":[{"href":"https:\/\/bol.hr\/en\/wp-json\/wp\/v2\/media?parent=440"}],"curies":[{"name":"wp","href":"https:\/\/api.w.org\/{rel}","templated":true}]}}